{"id":2789,"date":"2024-06-05T19:34:29","date_gmt":"2024-06-05T17:34:29","guid":{"rendered":"http:\/\/neu2024.schollmeyer.dk\/?page_id=2789"},"modified":"2025-12-10T12:19:16","modified_gmt":"2025-12-10T11:19:16","slug":"kontakt","status":"publish","type":"page","link":"https:\/\/schollmeyer.dk\/de\/kontakt\/","title":{"rendered":"Kontakt"},"content":{"rendered":"\n<style type=\"text\/css\" data-created_by=\"avia_inline_auto\" id=\"style-css-av-1owqvzp-2d756591e54be80dc1cae8896f78e514\">\n.avia-section.av-1owqvzp-2d756591e54be80dc1cae8896f78e514 .av-parallax .av-parallax-inner{\nbackground-repeat:no-repeat;\nbackground-image:url(https:\/\/schollmeyer.dk\/wp-content\/uploads\/2024\/06\/Back_Enter-Green.jpg);\nbackground-position:50% 0%;\nbackground-attachment:scroll;\n}\n.avia-section.av-1owqvzp-2d756591e54be80dc1cae8896f78e514 .av-section-color-overlay{\nopacity:0.2;\nbackground-color:#000000;\n}\n<\/style>\n<div id='av_section_1'  class='avia-section av-1owqvzp-2d756591e54be80dc1cae8896f78e514 main_color avia-section-default avia-no-border-styling  avia-builder-el-0  el_before_av_section  avia-builder-el-first  av-mini-hide avia-full-stretch av-parallax-section avia-bg-style-parallax av-section-color-overlay-active av-minimum-height av-minimum-height-100 av-height-100  container_wrap sidebar_right'  data-section-bg-repeat='stretch' data-av_minimum_height_pc='100' data-av_min_height_opt='100'><div class='av-parallax' data-avia-parallax-ratio='0.3' ><div class='av-parallax-inner main_color avia-full-stretch'><\/div><\/div><div class=\"av-section-color-overlay-wrap\"><div class=\"av-section-color-overlay\"><\/div><div class='container av-section-cont-open' ><main  role=\"main\" itemprop=\"mainContentOfPage\"  class='template-page content  av-content-small alpha units'><div class='post-entry post-entry-type-page post-entry-2789'><div class='entry-content-wrapper clearfix'>\n\n<style type=\"text\/css\" data-created_by=\"avia_inline_auto\" id=\"style-css-av-1n5j2z9-f17a31b35426b25f2c383bfc60e6252b\">\n#top .hr.hr-invisible.av-1n5j2z9-f17a31b35426b25f2c383bfc60e6252b{\nheight:150px;\n}\n<\/style>\n<div  class='hr av-1n5j2z9-f17a31b35426b25f2c383bfc60e6252b hr-invisible  avia-builder-el-1  el_before_av_hr  avia-builder-el-first '><span class='hr-inner '><span class=\"hr-inner-style\"><\/span><\/span><\/div>\n\n<style type=\"text\/css\" data-created_by=\"avia_inline_auto\" id=\"style-css-av-1ktrlvp-55230ba2ad1926bfcf870458183ba936\">\n#top .hr.hr-invisible.av-1ktrlvp-55230ba2ad1926bfcf870458183ba936{\nheight:150px;\n}\n<\/style>\n<div  class='hr av-1ktrlvp-55230ba2ad1926bfcf870458183ba936 hr-invisible  avia-builder-el-2  el_after_av_hr  el_before_av_hr '><span class='hr-inner '><span class=\"hr-inner-style\"><\/span><\/span><\/div>\n\n<style type=\"text\/css\" data-created_by=\"avia_inline_auto\" id=\"style-css-av-1jssdhx-7b52c875a10db9ecbd9db8a92991cd56\">\n#top .hr.hr-invisible.av-1jssdhx-7b52c875a10db9ecbd9db8a92991cd56{\nheight:150px;\n}\n<\/style>\n<div  class='hr av-1jssdhx-7b52c875a10db9ecbd9db8a92991cd56 hr-invisible  avia-builder-el-3  el_after_av_hr  el_before_av_one_full  tabletq-nodisplay'><span class='hr-inner '><span class=\"hr-inner-style\"><\/span><\/span><\/div>\n<div  class='flex_column av-1hxrtn9-8096a54903c0ec5d1a0bc1f3166ad516 av_one_full  avia-builder-el-4  el_after_av_hr  el_before_av_hr  first flex_column_div av-parallax-object  ' data-parallax=\"{&quot;parallax&quot;:&quot;bottom_top&quot;,&quot;parallax_speed&quot;:&quot;&quot;,&quot;av-desktop-parallax&quot;:&quot;inherit&quot;,&quot;av-desktop-parallax_speed&quot;:&quot;inherit&quot;,&quot;av-medium-parallax&quot;:&quot;inherit&quot;,&quot;av-medium-parallax_speed&quot;:&quot;inherit&quot;,&quot;av-small-parallax&quot;:&quot;inherit&quot;,&quot;av-small-parallax_speed&quot;:&quot;inherit&quot;,&quot;av-mini-parallax&quot;:&quot;inherit&quot;,&quot;av-mini-parallax_speed&quot;:&quot;inherit&quot;,&quot;parallax-container&quot;:&quot;.av-1hxrtn9-8096a54903c0ec5d1a0bc1f3166ad516&quot;}\"    ><section  class='av_textblock_section av-1gbwx2t-4933adfbea4777aa607f706589fe300e '   itemscope=\"itemscope\" itemtype=\"https:\/\/schema.org\/CreativeWork\" ><div class='avia_textblock'  itemprop=\"text\" ><p style=\"text-align: center;\"><span style=\"font-size: 15px; font-weight: 500; color: #ffffff; letter-spacing: 0.07em;\">SCHOLLMEYER APS \u00b7 PROFESSIONELLE BAUMPFLEGE UND BAUMF\u00c4LLUNGEN \u00b7 GARTEN- UND PARKPFLEGE<\/span><\/p>\n<\/div><\/section><br \/>\n\n<style type=\"text\/css\" data-created_by=\"avia_inline_auto\" id=\"style-css-av-1e21691-a82ed6124de2bcd09b5e020f2c13b552\">\n#top .hr.hr-invisible.av-1e21691-a82ed6124de2bcd09b5e020f2c13b552{\nheight:50px;\n}\n<\/style>\n<div  class='hr av-1e21691-a82ed6124de2bcd09b5e020f2c13b552 hr-invisible  avia-builder-el-6  el_after_av_textblock  el_before_av_textblock '><span class='hr-inner '><span class=\"hr-inner-style\"><\/span><\/span><\/div><br \/>\n<section  class='av_textblock_section av-1cwm9et-66428177da70218d2e249670cde41114 '   itemscope=\"itemscope\" itemtype=\"https:\/\/schema.org\/CreativeWork\" ><div class='avia_textblock'  itemprop=\"text\" ><h2 style=\"text-align: center;\"><span style=\"color: #ffffff; font-size: 140px; font-weight: 200; letter-spacing: 0.1em !important;\"><em>Kontakt<\/em><\/span><\/h2>\n<\/div><\/section><\/p><\/div>\n<style type=\"text\/css\" data-created_by=\"avia_inline_auto\" id=\"style-css-av-1bfygyd-a8295390c254a3b5ffe1a42e73c7920e\">\n#top .hr.hr-invisible.av-1bfygyd-a8295390c254a3b5ffe1a42e73c7920e{\nheight:50px;\n}\n<\/style>\n<div  class='hr av-1bfygyd-a8295390c254a3b5ffe1a42e73c7920e hr-invisible  avia-builder-el-8  el_after_av_one_full  el_before_av_hr '><span class='hr-inner '><span class=\"hr-inner-style\"><\/span><\/span><\/div>\n\n<style type=\"text\/css\" data-created_by=\"avia_inline_auto\" id=\"style-css-av-18vdkdx-0bbb803b5bf5216167604808c5e8df34\">\n#top .hr.hr-invisible.av-18vdkdx-0bbb803b5bf5216167604808c5e8df34{\nheight:50px;\n}\n<\/style>\n<div  class='hr av-18vdkdx-0bbb803b5bf5216167604808c5e8df34 hr-invisible  avia-builder-el-9  el_after_av_hr  avia-builder-el-last '><span class='hr-inner '><span class=\"hr-inner-style\"><\/span><\/span><\/div>\n\n<\/div><\/div><\/main><!-- close content main element --><\/div><\/div><\/div>\n<style type=\"text\/css\" data-created_by=\"avia_inline_auto\" id=\"style-css-av-18cnp4l-a6f9b0f9f786036b2674b2f7dcad3d7c\">\n.avia-section.av-18cnp4l-a6f9b0f9f786036b2674b2f7dcad3d7c{\nbackground-repeat:no-repeat;\nbackground-image:url(https:\/\/schollmeyer.dk\/wp-content\/uploads\/2024\/06\/Back_Enter-Green_M2-1.jpg);\nbackground-position:50% 50%;\nbackground-attachment:scroll;\n}\n.avia-section.av-18cnp4l-a6f9b0f9f786036b2674b2f7dcad3d7c .av-section-color-overlay{\nopacity:0.2;\nbackground-color:#000000;\n}\n<\/style>\n<div id='av_section_2'  class='avia-section av-18cnp4l-a6f9b0f9f786036b2674b2f7dcad3d7c main_color avia-section-default avia-no-border-styling  avia-builder-el-10  el_after_av_section  el_before_av_section  av-desktop-hide av-medium-hide av-small-hide avia-full-stretch avia-bg-style-scroll av-section-color-overlay-active av-minimum-height av-minimum-height-100 av-height-100  container_wrap sidebar_right'  data-section-bg-repeat='stretch' data-av_minimum_height_pc='100' data-av_min_height_opt='100'><div class=\"av-section-color-overlay-wrap\"><div class=\"av-section-color-overlay\"><\/div><div class='container av-section-cont-open' ><div class='template-page content  av-content-small alpha units'><div class='post-entry post-entry-type-page post-entry-2789'><div class='entry-content-wrapper clearfix'>\n\n<style type=\"text\/css\" data-created_by=\"avia_inline_auto\" id=\"style-css-av-15mpw45-cc7c0f5fab467e549cbcd2673664da14\">\n#top .hr.hr-invisible.av-15mpw45-cc7c0f5fab467e549cbcd2673664da14{\nheight:150px;\n}\n<\/style>\n<div  class='hr av-15mpw45-cc7c0f5fab467e549cbcd2673664da14 hr-invisible  avia-builder-el-11  el_before_av_hr  avia-builder-el-first '><span class='hr-inner '><span class=\"hr-inner-style\"><\/span><\/span><\/div>\n\n<style type=\"text\/css\" data-created_by=\"avia_inline_auto\" id=\"style-css-av-1561411-9f371ef1b61bff90c3f190823cc948cf\">\n#top .hr.hr-invisible.av-1561411-9f371ef1b61bff90c3f190823cc948cf{\nheight:50px;\n}\n<\/style>\n<div  class='hr av-1561411-9f371ef1b61bff90c3f190823cc948cf hr-invisible  avia-builder-el-12  el_after_av_hr  el_before_av_one_full '><span class='hr-inner '><span class=\"hr-inner-style\"><\/span><\/span><\/div>\n<div  class='flex_column av-3xf5h1-f258e0d34d1a2e85d6b4a8196ceeafff av_one_full  avia-builder-el-13  el_after_av_hr  el_before_av_hr  first flex_column_div av-parallax-object  ' data-parallax=\"{&quot;parallax&quot;:&quot;bottom_top&quot;,&quot;parallax_speed&quot;:&quot;&quot;,&quot;av-desktop-parallax&quot;:&quot;inherit&quot;,&quot;av-desktop-parallax_speed&quot;:&quot;inherit&quot;,&quot;av-medium-parallax&quot;:&quot;inherit&quot;,&quot;av-medium-parallax_speed&quot;:&quot;inherit&quot;,&quot;av-small-parallax&quot;:&quot;inherit&quot;,&quot;av-small-parallax_speed&quot;:&quot;inherit&quot;,&quot;av-mini-parallax&quot;:&quot;inherit&quot;,&quot;av-mini-parallax_speed&quot;:&quot;inherit&quot;,&quot;parallax-container&quot;:&quot;.av-3xf5h1-f258e0d34d1a2e85d6b4a8196ceeafff&quot;}\"    ><section  class='av_textblock_section av-1163cth-d45540c335729da5882a4887b5cd59dc '   itemscope=\"itemscope\" itemtype=\"https:\/\/schema.org\/CreativeWork\" ><div class='avia_textblock'  itemprop=\"text\" ><p style=\"text-align: center;\"><span style=\"font-size: 15px; font-weight: 500; color: #ffffff; letter-spacing: 0.07em;\">SCHOLLMEYER APS \u00b7 PROFESSIONELLE BAUMPFLEGE UND BAUMF\u00c4LLUNGEN \u00b7 GARTEN- UND PARKPFLEGE<\/span><\/p>\n<\/div><\/section><br \/>\n\n<style type=\"text\/css\" data-created_by=\"avia_inline_auto\" id=\"style-css-av-zn16sl-d17090be79837d72fa04c76ae594b8a7\">\n#top .hr.hr-invisible.av-zn16sl-d17090be79837d72fa04c76ae594b8a7{\nheight:50px;\n}\n<\/style>\n<div  class='hr av-zn16sl-d17090be79837d72fa04c76ae594b8a7 hr-invisible  avia-builder-el-15  el_after_av_textblock  el_before_av_textblock '><span class='hr-inner '><span class=\"hr-inner-style\"><\/span><\/span><\/div><br \/>\n<section  class='av_textblock_section av-ylu8mt-c12b620d29fd8dcba88548a6b61a9fb2 '   itemscope=\"itemscope\" itemtype=\"https:\/\/schema.org\/CreativeWork\" ><div class='avia_textblock'  itemprop=\"text\" ><h2 style=\"text-align: center;\"><span style=\"color: #ffffff; font-size: 60px; font-weight: 200; letter-spacing: 0.05em !important;\"><em>Kontakt<\/em><\/span><\/h2>\n<\/div><\/section><\/p><\/div>\n<style type=\"text\/css\" data-created_by=\"avia_inline_auto\" id=\"style-css-av-w8nr45-6d4f2109f1378c05ceb0fb24e18b109a\">\n#top .hr.hr-invisible.av-w8nr45-6d4f2109f1378c05ceb0fb24e18b109a{\nheight:50px;\n}\n<\/style>\n<div  class='hr av-w8nr45-6d4f2109f1378c05ceb0fb24e18b109a hr-invisible  avia-builder-el-17  el_after_av_one_full  el_before_av_hr '><span class='hr-inner '><span class=\"hr-inner-style\"><\/span><\/span><\/div>\n\n<style type=\"text\/css\" data-created_by=\"avia_inline_auto\" id=\"style-css-av-31t8yt-e9cabe538a641150a442e72a8d9fa917\">\n#top .hr.hr-invisible.av-31t8yt-e9cabe538a641150a442e72a8d9fa917{\nheight:50px;\n}\n<\/style>\n<div  class='hr av-31t8yt-e9cabe538a641150a442e72a8d9fa917 hr-invisible  avia-builder-el-18  el_after_av_hr  avia-builder-el-last '><span class='hr-inner '><span class=\"hr-inner-style\"><\/span><\/span><\/div>\n\n<\/div><\/div><\/div><!-- close content main div --><\/div><\/div><\/div><div id='kontaktform'  class='avia-section av-ahaed-7c063054525626f42d82a3a66fd9f0b4 main_color avia-section-default avia-no-border-styling  avia-builder-el-19  el_after_av_section  el_before_av_section  avia-bg-style-scroll container_wrap sidebar_right'  ><div class='container av-section-cont-open' ><div class='template-page content  av-content-small alpha units'><div class='post-entry post-entry-type-page post-entry-2789'><div class='entry-content-wrapper clearfix'>\n\n<style type=\"text\/css\" data-created_by=\"avia_inline_auto\" id=\"style-css-av-qz4eol-051f39969543a6775948696d9d559563\">\n#top .hr.hr-invisible.av-qz4eol-051f39969543a6775948696d9d559563{\nheight:50px;\n}\n<\/style>\n<div  class='hr av-qz4eol-051f39969543a6775948696d9d559563 hr-invisible  avia-builder-el-20  el_before_av_one_half  avia-builder-el-first '><span class='hr-inner '><span class=\"hr-inner-style\"><\/span><\/span><\/div>\n\n<style type=\"text\/css\" data-created_by=\"avia_inline_auto\" id=\"style-css-av-qbguth-a54abbe025c440fff1cc3edb6d6101b2\">\n.flex_column.av-qbguth-a54abbe025c440fff1cc3edb6d6101b2{\nwidth:45%;\n}\n<\/style>\n<div  class='flex_column av-qbguth-a54abbe025c440fff1cc3edb6d6101b2 av_one_half  avia-builder-el-21  el_after_av_hr  el_before_av_one_half  first flex_column_div  '     ><p>\n<style type=\"text\/css\" data-created_by=\"avia_inline_auto\" id=\"style-css-av-2gccw5-f6d6a3b5ab524d34bccc1c8b5cec6792\">\n#top .av-special-heading.av-2gccw5-f6d6a3b5ab524d34bccc1c8b5cec6792{\npadding-bottom:10px;\n}\nbody .av-special-heading.av-2gccw5-f6d6a3b5ab524d34bccc1c8b5cec6792 .av-special-heading-tag .heading-char{\nfont-size:25px;\n}\n.av-special-heading.av-2gccw5-f6d6a3b5ab524d34bccc1c8b5cec6792 .av-subheading{\nfont-size:15px;\n}\n<\/style>\n<div  class='av-special-heading av-2gccw5-f6d6a3b5ab524d34bccc1c8b5cec6792 av-special-heading-h2 blockquote modern-quote modern-centered  avia-builder-el-22  el_before_av_hr  avia-builder-el-first '><h2 class='av-special-heading-tag '  itemprop=\"headline\"  >Kontakt<\/h2><div class='av-subheading av-subheading_below'><p>Schollmeyer ApS<\/p>\n<\/div><div class=\"special-heading-border\"><div class=\"special-heading-inner-border\"><\/div><\/div><\/div><br \/>\n\n<style type=\"text\/css\" data-created_by=\"avia_inline_auto\" id=\"style-css-av-lu0b9x-3aacb2724f34e3948886bb1cb31e46e4\">\n#top .hr.hr-invisible.av-lu0b9x-3aacb2724f34e3948886bb1cb31e46e4{\nheight:20px;\n}\n<\/style>\n<div  class='hr av-lu0b9x-3aacb2724f34e3948886bb1cb31e46e4 hr-invisible  avia-builder-el-23  el_after_av_heading  el_before_av_textblock '><span class='hr-inner '><span class=\"hr-inner-style\"><\/span><\/span><\/div><br \/>\n<section  class='av_textblock_section av-khh9r9-e4eebf092041cf7481c8c6acb6863ccc '   itemscope=\"itemscope\" itemtype=\"https:\/\/schema.org\/CreativeWork\" ><div class='avia_textblock'  itemprop=\"text\" ><p><strong>Wir sind \u2026<\/strong><br \/>\n&#8230; Ihr Ansprechpartner rund um das Thema Baum- und Gartenpflege auf der Insel Sylt sowie in den Gebieten Nordfriesland, Flensburg und Schleswig-Flensburg. <strong>Professionelle und individuelle L\u00f6sungen<\/strong> f\u00fcr Ihre B\u00e4ume und Ihren Garten finden wir in gemeinsamer Absprache mit Ihnen. Sie k\u00f6nnen eine fachgerechte Baumpflege, gem\u00e4\u00df den aktuellen ZTV-Richtlinien, erwarten. Freuen Sie sich auf eine freundliche und pers\u00f6nliche Betreuung in Ihrem Garten.<\/p>\n<p>Unser Einsatzgebiet umfasst Sylt, Nordfriesland, Flensburg, Schleswig-Flensburg und das gesamte Gebiet von S\u00fcdd\u00e4nemark.<\/p>\n<h3><strong><span style=\"color: #8bba34; font-size: 24px;\">Schollmeyer ApS<\/span><\/strong><\/h3>\n<p><strong>Telefon:<\/strong><br \/>\n<a href=\"tel:004560135365\">+45 60 13 53 65<\/a><br \/>\n<a href=\"tel:00491795051037\">+49 (0)179 505 1037<\/a><\/p>\n<p><strong>E-Mail:<\/strong><br \/>\n<a href=\"mailto:info@schollmeyer.dk\">info@schollmeyer.dk<\/a><\/p>\n<\/div><\/section><br \/>\n\n<style type=\"text\/css\" data-created_by=\"avia_inline_auto\" id=\"style-css-av-lxincjfq-69ace29ca2158bf249b4a56935a6d1cc\">\n#top .hr.hr-invisible.av-lxincjfq-69ace29ca2158bf249b4a56935a6d1cc{\nheight:50px;\n}\n<\/style>\n<div  class='hr av-lxincjfq-69ace29ca2158bf249b4a56935a6d1cc hr-invisible  avia-builder-el-25  el_after_av_textblock  avia-builder-el-last  av-desktop-hide av-medium-hide av-small-hide'><span class='hr-inner '><span class=\"hr-inner-style\"><\/span><\/span><\/div><\/p><\/div>\n<style type=\"text\/css\" data-created_by=\"avia_inline_auto\" id=\"style-css-av-ix5nxh-1a1f8b80e86e06b915be9f5a783fa44b\">\n.flex_column.av-ix5nxh-1a1f8b80e86e06b915be9f5a783fa44b{\nwidth:45%;\nmargin-left:10%;\n}\n<\/style>\n<div  class='flex_column av-ix5nxh-1a1f8b80e86e06b915be9f5a783fa44b av_one_half  avia-builder-el-26  el_after_av_one_half  el_before_av_hr  flex_column_div  '     ><p>\n<style type=\"text\/css\" data-created_by=\"avia_inline_auto\" id=\"style-css-av-gha31h-cb60dfe668e11e7a4793fefd4b76c8bc\">\n#top .av-special-heading.av-gha31h-cb60dfe668e11e7a4793fefd4b76c8bc{\npadding-bottom:10px;\n}\nbody .av-special-heading.av-gha31h-cb60dfe668e11e7a4793fefd4b76c8bc .av-special-heading-tag .heading-char{\nfont-size:25px;\n}\n.av-special-heading.av-gha31h-cb60dfe668e11e7a4793fefd4b76c8bc .av-subheading{\nfont-size:15px;\n}\n<\/style>\n<div  class='av-special-heading av-gha31h-cb60dfe668e11e7a4793fefd4b76c8bc av-special-heading-h2 blockquote modern-quote modern-centered  avia-builder-el-27  el_before_av_hr  avia-builder-el-first '><h2 class='av-special-heading-tag '  itemprop=\"headline\"  >Ihre Anfrage <\/h2><div class='av-subheading av-subheading_below'><p>Vereinbaren Sie einen unverbindlichen Beratungstermin vor Ort<\/p>\n<\/div><div class=\"special-heading-border\"><div class=\"special-heading-inner-border\"><\/div><\/div><\/div><br \/>\n\n<style type=\"text\/css\" data-created_by=\"avia_inline_auto\" id=\"style-css-av-dj7hwl-81c7ed898724ad4dbc832cbf9f4998f3\">\n#top .hr.hr-invisible.av-dj7hwl-81c7ed898724ad4dbc832cbf9f4998f3{\nheight:40px;\n}\n<\/style>\n<div  class='hr av-dj7hwl-81c7ed898724ad4dbc832cbf9f4998f3 hr-invisible  avia-builder-el-28  el_after_av_heading  el_before_av_codeblock  av-mini-hide'><span class='hr-inner '><span class=\"hr-inner-style\"><\/span><\/span><\/div><br \/>\n<\/p><\/div>\n<style type=\"text\/css\" data-created_by=\"avia_inline_auto\" id=\"style-css-av-4nod91-cd2f0c2d9e0da0a5957aa9dc4ffca6dd\">\n#top .hr.hr-invisible.av-4nod91-cd2f0c2d9e0da0a5957aa9dc4ffca6dd{\nheight:50px;\n}\n<\/style>\n<div  class='hr av-4nod91-cd2f0c2d9e0da0a5957aa9dc4ffca6dd hr-invisible  avia-builder-el-30  el_after_av_one_half  avia-builder-el-last '><span class='hr-inner '><span class=\"hr-inner-style\"><\/span><\/span><\/div>\n\n<\/div><\/div><\/div><!-- close content main div --><\/div><\/div>\n<style type=\"text\/css\" data-created_by=\"avia_inline_auto\" id=\"style-css-av-2uc9bp-f7f20bdeecb857ca5c181e5b04ac5ba9\">\n.avia-section.av-2uc9bp-f7f20bdeecb857ca5c181e5b04ac5ba9{\nbackground-repeat:no-repeat;\nbackground-image:url(https:\/\/schollmeyer.dk\/wp-content\/uploads\/2024\/06\/Back_Enter-Green.jpg);\nbackground-position:50% 0%;\nbackground-attachment:fixed;\n}\n.avia-section.av-2uc9bp-f7f20bdeecb857ca5c181e5b04ac5ba9 .av-section-color-overlay{\nopacity:0.2;\nbackground-color:#000000;\n}\n<\/style>\n<div id='av_section_4'  class='avia-section av-2uc9bp-f7f20bdeecb857ca5c181e5b04ac5ba9 main_color avia-section-default avia-no-border-styling  avia-builder-el-31  el_after_av_section  avia-builder-el-last  avia-full-stretch avia-bg-style-fixed av-section-color-overlay-active av-minimum-height av-minimum-height-25 av-height-25  container_wrap sidebar_right'  data-section-bg-repeat='stretch' data-av_minimum_height_pc='25' data-av_min_height_opt='25'><div class=\"av-section-color-overlay-wrap\"><div class=\"av-section-color-overlay\"><\/div><div class='container av-section-cont-open' ><div class='template-page content  av-content-small alpha units'><div class='post-entry post-entry-type-page post-entry-2789'><div class='entry-content-wrapper clearfix'><\/div><\/div><\/div><!-- close content main div --><\/div><\/div><\/div><div id='after_section_4'  class='main_color av_default_container_wrap container_wrap sidebar_right'  ><div class='container av-section-cont-open' ><div class='template-page content  av-content-small alpha units'><div class='post-entry post-entry-type-page post-entry-2789'><div class='entry-content-wrapper clearfix'>\n","protected":false},"excerpt":{"rendered":"","protected":false},"author":1,"featured_media":0,"parent":0,"menu_order":4,"comment_status":"closed","ping_status":"closed","template":"","meta":{"footnotes":""},"class_list":["post-2789","page","type-page","status-publish","hentry"],"yoast_head":"<!-- This site is optimized with the Yoast SEO plugin v26.5 - https:\/\/yoast.com\/wordpress\/plugins\/seo\/ -->\n<title>KONTAKT \u00b7 Schollmeyer \u00b7 Baumpflege, Garten- und Parkpflege<\/title>\n<meta name=\"description\" content=\"Schollmeyer ApS - Baumpflege, Baumf\u00e4llungen, Garten- und Parkpflege in Sylt, Nordfriesland, Flensburg, Schleswig-Flensburg und S\u00fcdd\u00e4nemark\" \/>\n<meta name=\"robots\" content=\"index, follow, max-snippet:-1, max-image-preview:large, max-video-preview:-1\" \/>\n<link rel=\"canonical\" href=\"https:\/\/schollmeyer.dk\/de\/kontakt\/\" \/>\n<meta property=\"og:locale\" content=\"de_DE\" \/>\n<meta property=\"og:type\" content=\"article\" \/>\n<meta property=\"og:title\" content=\"KONTAKT \u00b7 Schollmeyer \u00b7 Baumpflege, Garten- und Parkpflege\" \/>\n<meta property=\"og:description\" content=\"Schollmeyer ApS - Baumpflege, Baumf\u00e4llungen, Garten- und Parkpflege in Sylt, Nordfriesland, Flensburg, Schleswig-Flensburg und S\u00fcdd\u00e4nemark\" \/>\n<meta property=\"og:url\" content=\"https:\/\/schollmeyer.dk\/de\/kontakt\/\" \/>\n<meta property=\"og:site_name\" content=\"Schollmeyer ApS\" \/>\n<meta property=\"article:modified_time\" content=\"2025-12-10T11:19:16+00:00\" \/>\n<meta name=\"twitter:card\" content=\"summary_large_image\" \/>\n<meta name=\"twitter:label1\" content=\"Gesch\u00e4tzte Lesezeit\" \/>\n\t<meta name=\"twitter:data1\" content=\"1\u00a0Minute\" \/>\n<script type=\"application\/ld+json\" class=\"yoast-schema-graph\">{\"@context\":\"https:\/\/schema.org\",\"@graph\":[{\"@type\":\"WebPage\",\"@id\":\"https:\/\/schollmeyer.dk\/de\/kontakt\/\",\"url\":\"https:\/\/schollmeyer.dk\/de\/kontakt\/\",\"name\":\"KONTAKT \u00b7 Schollmeyer \u00b7 Baumpflege, Garten- und Parkpflege\",\"isPartOf\":{\"@id\":\"https:\/\/schollmeyer.dk\/de\/#website\"},\"datePublished\":\"2024-06-05T17:34:29+00:00\",\"dateModified\":\"2025-12-10T11:19:16+00:00\",\"description\":\"Schollmeyer ApS - Baumpflege, Baumf\u00e4llungen, Garten- und Parkpflege in Sylt, Nordfriesland, Flensburg, Schleswig-Flensburg und S\u00fcdd\u00e4nemark\",\"breadcrumb\":{\"@id\":\"https:\/\/schollmeyer.dk\/de\/kontakt\/#breadcrumb\"},\"inLanguage\":\"de\",\"potentialAction\":[{\"@type\":\"ReadAction\",\"target\":[\"https:\/\/schollmeyer.dk\/de\/kontakt\/\"]}]},{\"@type\":\"BreadcrumbList\",\"@id\":\"https:\/\/schollmeyer.dk\/de\/kontakt\/#breadcrumb\",\"itemListElement\":[{\"@type\":\"ListItem\",\"position\":1,\"name\":\"Hjem\",\"item\":\"https:\/\/schollmeyer.dk\/de\/\"},{\"@type\":\"ListItem\",\"position\":2,\"name\":\"Kontakt\"}]},{\"@type\":\"WebSite\",\"@id\":\"https:\/\/schollmeyer.dk\/de\/#website\",\"url\":\"https:\/\/schollmeyer.dk\/de\/\",\"name\":\"Schollmeyer ApS\",\"description\":\"Professionel Tr\u00c6Pleje &amp; Tr\u00c6F\u00c6Ldning \u00b7 Rebklatring Teknik\",\"potentialAction\":[{\"@type\":\"SearchAction\",\"target\":{\"@type\":\"EntryPoint\",\"urlTemplate\":\"https:\/\/schollmeyer.dk\/de\/?s={search_term_string}\"},\"query-input\":{\"@type\":\"PropertyValueSpecification\",\"valueRequired\":true,\"valueName\":\"search_term_string\"}}],\"inLanguage\":\"de\"}]}<\/script>\n<!-- \/ Yoast SEO plugin. -->","yoast_head_json":{"title":"KONTAKT \u00b7 Schollmeyer \u00b7 Baumpflege, Garten- und Parkpflege","description":"Schollmeyer ApS - Baumpflege, Baumf\u00e4llungen, Garten- und Parkpflege in Sylt, Nordfriesland, Flensburg, Schleswig-Flensburg und S\u00fcdd\u00e4nemark","robots":{"index":"index","follow":"follow","max-snippet":"max-snippet:-1","max-image-preview":"max-image-preview:large","max-video-preview":"max-video-preview:-1"},"canonical":"https:\/\/schollmeyer.dk\/de\/kontakt\/","og_locale":"de_DE","og_type":"article","og_title":"KONTAKT \u00b7 Schollmeyer \u00b7 Baumpflege, Garten- und Parkpflege","og_description":"Schollmeyer ApS - Baumpflege, Baumf\u00e4llungen, Garten- und Parkpflege in Sylt, Nordfriesland, Flensburg, Schleswig-Flensburg und S\u00fcdd\u00e4nemark","og_url":"https:\/\/schollmeyer.dk\/de\/kontakt\/","og_site_name":"Schollmeyer ApS","article_modified_time":"2025-12-10T11:19:16+00:00","twitter_card":"summary_large_image","twitter_misc":{"Gesch\u00e4tzte Lesezeit":"1\u00a0Minute"},"schema":{"@context":"https:\/\/schema.org","@graph":[{"@type":"WebPage","@id":"https:\/\/schollmeyer.dk\/de\/kontakt\/","url":"https:\/\/schollmeyer.dk\/de\/kontakt\/","name":"KONTAKT \u00b7 Schollmeyer \u00b7 Baumpflege, Garten- und Parkpflege","isPartOf":{"@id":"https:\/\/schollmeyer.dk\/de\/#website"},"datePublished":"2024-06-05T17:34:29+00:00","dateModified":"2025-12-10T11:19:16+00:00","description":"Schollmeyer ApS - Baumpflege, Baumf\u00e4llungen, Garten- und Parkpflege in Sylt, Nordfriesland, Flensburg, Schleswig-Flensburg und S\u00fcdd\u00e4nemark","breadcrumb":{"@id":"https:\/\/schollmeyer.dk\/de\/kontakt\/#breadcrumb"},"inLanguage":"de","potentialAction":[{"@type":"ReadAction","target":["https:\/\/schollmeyer.dk\/de\/kontakt\/"]}]},{"@type":"BreadcrumbList","@id":"https:\/\/schollmeyer.dk\/de\/kontakt\/#breadcrumb","itemListElement":[{"@type":"ListItem","position":1,"name":"Hjem","item":"https:\/\/schollmeyer.dk\/de\/"},{"@type":"ListItem","position":2,"name":"Kontakt"}]},{"@type":"WebSite","@id":"https:\/\/schollmeyer.dk\/de\/#website","url":"https:\/\/schollmeyer.dk\/de\/","name":"Schollmeyer ApS","description":"Professionel Tr\u00c6Pleje &amp; Tr\u00c6F\u00c6Ldning \u00b7 Rebklatring Teknik","potentialAction":[{"@type":"SearchAction","target":{"@type":"EntryPoint","urlTemplate":"https:\/\/schollmeyer.dk\/de\/?s={search_term_string}"},"query-input":{"@type":"PropertyValueSpecification","valueRequired":true,"valueName":"search_term_string"}}],"inLanguage":"de"}]}},"_links":{"self":[{"href":"https:\/\/schollmeyer.dk\/de\/wp-json\/wp\/v2\/pages\/2789","targetHints":{"allow":["GET"]}}],"collection":[{"href":"https:\/\/schollmeyer.dk\/de\/wp-json\/wp\/v2\/pages"}],"about":[{"href":"https:\/\/schollmeyer.dk\/de\/wp-json\/wp\/v2\/types\/page"}],"author":[{"embeddable":true,"href":"https:\/\/schollmeyer.dk\/de\/wp-json\/wp\/v2\/users\/1"}],"replies":[{"embeddable":true,"href":"https:\/\/schollmeyer.dk\/de\/wp-json\/wp\/v2\/comments?post=2789"}],"version-history":[{"count":3,"href":"https:\/\/schollmeyer.dk\/de\/wp-json\/wp\/v2\/pages\/2789\/revisions"}],"predecessor-version":[{"id":3155,"href":"https:\/\/schollmeyer.dk\/de\/wp-json\/wp\/v2\/pages\/2789\/revisions\/3155"}],"wp:attachment":[{"href":"https:\/\/schollmeyer.dk\/de\/wp-json\/wp\/v2\/media?parent=2789"}],"curies":[{"name":"wp","href":"https:\/\/api.w.org\/{rel}","templated":true}]}}